{"id":44,"date":"2021-10-05T20:00:37","date_gmt":"2021-10-05T18:00:37","guid":{"rendered":"https:\/\/miriam-boehlke.de\/?page_id=44"},"modified":"2023-12-19T10:17:19","modified_gmt":"2023-12-19T09:17:19","slug":"impressum","status":"publish","type":"page","link":"https:\/\/miriam-boehlke.de\/en\/impressum\/","title":{"rendered":"Impressum"},"content":{"rendered":"<div data-elementor-type=\"wp-page\" data-elementor-id=\"44\" class=\"elementor elementor-44\">\n\t\t\t\t\t\t<section class=\"elementor-section elementor-top-section elementor-element elementor-element-145ef2d elementor-section-boxed elementor-section-height-default elementor-section-height-default\" data-id=\"145ef2d\" data-element_type=\"section\">\n\t\t\t\t\t\t<div class=\"elementor-container elementor-column-gap-default\">\n\t\t\t\t\t<div class=\"elementor-column elementor-col-100 elementor-top-column elementor-element elementor-element-18e7d2b\" data-id=\"18e7d2b\" data-element_type=\"column\">\n\t\t\t<div class=\"elementor-widget-wrap elementor-element-populated\">\n\t\t\t\t\t\t<div class=\"elementor-element elementor-element-ba31a26 elementor-widget elementor-widget-heading\" data-id=\"ba31a26\" data-element_type=\"widget\" data-widget_type=\"heading.default\">\n\t\t\t\t<div class=\"elementor-widget-container\">\n\t\t\t<h2 class=\"elementor-heading-title elementor-size-default\">impressum<\/h2>\t\t<\/div>\n\t\t\t\t<\/div>\n\t\t\t\t\t<\/div>\n\t\t<\/div>\n\t\t\t\t\t<\/div>\n\t\t<\/section>\n\t\t\t\t<section class=\"elementor-section elementor-top-section elementor-element elementor-element-938a6b1 elementor-section-boxed elementor-section-height-default elementor-section-height-default\" data-id=\"938a6b1\" data-element_type=\"section\">\n\t\t\t\t\t\t<div class=\"elementor-container elementor-column-gap-default\">\n\t\t\t\t\t<div class=\"elementor-column elementor-col-100 elementor-top-column elementor-element elementor-element-93198a8\" data-id=\"93198a8\" data-element_type=\"column\">\n\t\t\t<div class=\"elementor-widget-wrap elementor-element-populated\">\n\t\t\t\t\t\t<div class=\"elementor-element elementor-element-abfc36c elementor-widget-divider--view-line elementor-widget elementor-widget-divider\" data-id=\"abfc36c\" data-element_type=\"widget\" data-widget_type=\"divider.default\">\n\t\t\t\t<div class=\"elementor-widget-container\">\n\t\t\t\t\t<div class=\"elementor-divider\">\n\t\t\t<span class=\"elementor-divider-separator\">\n\t\t\t\t\t\t<\/span>\n\t\t<\/div>\n\t\t\t\t<\/div>\n\t\t\t\t<\/div>\n\t\t\t\t\t<\/div>\n\t\t<\/div>\n\t\t\t\t\t<\/div>\n\t\t<\/section>\n\t\t\t\t<section class=\"elementor-section elementor-top-section elementor-element elementor-element-a9dd453 elementor-section-boxed elementor-section-height-default elementor-section-height-default\" data-id=\"a9dd453\" data-element_type=\"section\">\n\t\t\t\t\t\t<div class=\"elementor-container elementor-column-gap-default\">\n\t\t\t\t\t<div class=\"elementor-column elementor-col-100 elementor-top-column elementor-element elementor-element-d4d6bfe\" data-id=\"d4d6bfe\" data-element_type=\"column\">\n\t\t\t<div class=\"elementor-widget-wrap elementor-element-populated\">\n\t\t\t\t\t\t<div class=\"elementor-element elementor-element-c659a84 elementor-widget elementor-widget-text-editor\" data-id=\"c659a84\" data-element_type=\"widget\" data-widget_type=\"text-editor.default\">\n\t\t\t\t<div class=\"elementor-widget-container\">\n\t\t\t\t\t\t\t<p><strong>Miriam Boehlke<\/strong><\/p>\n<p>Jahnstra\u00dfe 6a<br>85567 Grafing<\/p>\n<p>E-Mail: mail [at] miriam [bindestrich] boehlke.de<br>Telefon: 0177 \u2013 630 98 94<\/p>\n<p>web: <a href=\"https:\/\/miriam-boehlke.de\/en\/\">https:\/\/miriam-boehlke.de\/<\/a><\/p>\n<p>Inhaltlich verantwortlich:<br>Miriam Boehlke<br>Jahnstra\u00dfe 6a<br>85567 Grafing<\/p>\n<p><u>Urheberrecht:<\/u><\/p>\n<p>Die durch Miriam Boehlke erstellten Inhalte und Werke auf diesen Seiten unterliegen dem deutschen und europ\u00e4ischem Urheberrecht. Die Vervielf\u00e4ltigung, Bearbeitung, Verbreitung und jede Art der Verwertung au\u00dferhalb der Grenzen des Urheberrechtes bed\u00fcrfen der schriftlichen Zustimmung des jeweiligen Autors bzw. Erstellers. Angebotene Downloads oder Kopien dieser Seite sind nur f\u00fcr den privaten, nicht kommerziellen Gebrauch gestattet.<\/p>\n<p>Soweit die Inhalte auf dieser Seite nicht vom Betreiber erstellt wurden, werden die Urheberrechte Dritter beachtet. Insbesondere werden Inhalte Dritter als solche gekennzeichnet. Sollten Sie trotzdem auf eine Urheberrechtsverletzung aufmerksam werden, bitten wir um einen entsprechenden Hinweis. Bei Bekanntwerden von Rechtsverletzungen werden wir derartige Inhalte umgehend entfernen. Widerrechtliche Handlungen gegen das Urheberrecht dieser Seiten werden von Miriam Boehlke juristisch und gerichtlich belangt.<\/p>\t\t\t\t\t\t<\/div>\n\t\t\t\t<\/div>\n\t\t\t\t<div class=\"elementor-element elementor-element-13c57c8 elementor-widget-divider--view-line elementor-widget elementor-widget-divider\" data-id=\"13c57c8\" data-element_type=\"widget\" data-widget_type=\"divider.default\">\n\t\t\t\t<div class=\"elementor-widget-container\">\n\t\t\t\t\t<div class=\"elementor-divider\">\n\t\t\t<span class=\"elementor-divider-separator\">\n\t\t\t\t\t\t<\/span>\n\t\t<\/div>\n\t\t\t\t<\/div>\n\t\t\t\t<\/div>\n\t\t\t\t\t<\/div>\n\t\t<\/div>\n\t\t\t\t\t<\/div>\n\t\t<\/section>\n\t\t\t\t<\/div>","protected":false},"excerpt":{"rendered":"<p>impressum Miriam Boehlke Jahnstra\u00dfe 6a85567 Grafing E-Mail: mail [at] miriam [bindestrich] boehlke.deTelefon: 0177 \u2013 630 98 94 web: https:\/\/miriam-boehlke.de\/ Inhaltlich verantwortlich:Miriam BoehlkeJahnstra\u00dfe 6a85567 Grafing Urheberrecht: Die durch Miriam Boehlke erstellten [&hellip;]<\/p>","protected":false},"author":1,"featured_media":0,"parent":0,"menu_order":0,"comment_status":"closed","ping_status":"closed","template":"","meta":{"ocean_post_layout":"full-screen","ocean_both_sidebars_style":"","ocean_both_sidebars_content_width":0,"ocean_both_sidebars_sidebars_width":0,"ocean_sidebar":"0","ocean_second_sidebar":"0","ocean_disable_margins":"enable","ocean_add_body_class":"","ocean_shortcode_before_top_bar":"","ocean_shortcode_after_top_bar":"","ocean_shortcode_before_header":"","ocean_shortcode_after_header":"","ocean_has_shortcode":"","ocean_shortcode_after_title":"","ocean_shortcode_before_footer_widgets":"","ocean_shortcode_after_footer_widgets":"","ocean_shortcode_before_footer_bottom":"","ocean_shortcode_after_footer_bottom":"","ocean_display_top_bar":"default","ocean_display_header":"default","ocean_header_style":"","ocean_center_header_left_menu":"0","ocean_custom_header_template":"0","ocean_custom_logo":0,"ocean_custom_retina_logo":0,"ocean_custom_logo_max_width":0,"ocean_custom_logo_tablet_max_width":0,"ocean_custom_logo_mobile_max_width":0,"ocean_custom_logo_max_height":0,"ocean_custom_logo_tablet_max_height":0,"ocean_custom_logo_mobile_max_height":0,"ocean_header_custom_menu":"0","ocean_menu_typo_font_family":"0","ocean_menu_typo_font_subset":"","ocean_menu_typo_font_size":0,"ocean_menu_typo_font_size_tablet":0,"ocean_menu_typo_font_size_mobile":0,"ocean_menu_typo_font_size_unit":"px","ocean_menu_typo_font_weight":"","ocean_menu_typo_font_weight_tablet":"","ocean_menu_typo_font_weight_mobile":"","ocean_menu_typo_transform":"","ocean_menu_typo_transform_tablet":"","ocean_menu_typo_transform_mobile":"","ocean_menu_typo_line_height":0,"ocean_menu_typo_line_height_tablet":0,"ocean_menu_typo_line_height_mobile":0,"ocean_menu_typo_line_height_unit":"","ocean_menu_typo_spacing":0,"ocean_menu_typo_spacing_tablet":0,"ocean_menu_typo_spacing_mobile":0,"ocean_menu_typo_spacing_unit":"","ocean_menu_link_color":"","ocean_menu_link_color_hover":"","ocean_menu_link_color_active":"","ocean_menu_link_background":"","ocean_menu_link_hover_background":"","ocean_menu_link_active_background":"","ocean_menu_social_links_bg":"","ocean_menu_social_hover_links_bg":"","ocean_menu_social_links_color":"","ocean_menu_social_hover_links_color":"","ocean_disable_title":"on","ocean_disable_heading":"default","ocean_post_title":"","ocean_post_subheading":"","ocean_post_title_style":"","ocean_post_title_background_color":"","ocean_post_title_background":0,"ocean_post_title_bg_image_position":"","ocean_post_title_bg_image_attachment":"","ocean_post_title_bg_image_repeat":"","ocean_post_title_bg_image_size":"","ocean_post_title_height":0,"ocean_post_title_bg_overlay":0.5,"ocean_post_title_bg_overlay_color":"","ocean_disable_breadcrumbs":"default","ocean_breadcrumbs_color":"","ocean_breadcrumbs_separator_color":"","ocean_breadcrumbs_links_color":"","ocean_breadcrumbs_links_hover_color":"","ocean_display_footer_widgets":"default","ocean_display_footer_bottom":"default","ocean_custom_footer_template":"0","footnotes":""},"class_list":["post-44","page","type-page","status-publish","hentry","entry"],"yoast_head":"<!-- This site is optimized with the Yoast SEO plugin v22.3 - https:\/\/yoast.com\/wordpress\/plugins\/seo\/ -->\n<title>Impressum -<\/title>\n<meta name=\"description\" content=\"Impressum Miriam Boehlke | Ganzheitlich-nachhaltige Organisationsentwicklung, Facilitation, Beratung, Coaching, Jurtenbau\" \/>\n<meta name=\"robots\" content=\"index, follow, max-snippet:-1, max-image-preview:large, max-video-preview:-1\" \/>\n<link rel=\"canonical\" href=\"https:\/\/miriam-boehlke.de\/en\/impressum\/\" \/>\n<meta property=\"og:locale\" content=\"en_US\" \/>\n<meta property=\"og:type\" content=\"article\" \/>\n<meta property=\"og:title\" content=\"Impressum -\" \/>\n<meta property=\"og:description\" content=\"Impressum Miriam Boehlke | Ganzheitlich-nachhaltige Organisationsentwicklung, Facilitation, Beratung, Coaching, Jurtenbau\" \/>\n<meta property=\"og:url\" content=\"https:\/\/miriam-boehlke.de\/en\/impressum\/\" \/>\n<meta property=\"article:modified_time\" content=\"2023-12-19T09:17:19+00:00\" \/>\n<meta name=\"twitter:card\" content=\"summary_large_image\" \/>\n<meta name=\"twitter:label1\" content=\"Est. reading time\" \/>\n\t<meta name=\"twitter:data1\" content=\"1 minute\" \/>\n<script type=\"application\/ld+json\" class=\"yoast-schema-graph\">{\"@context\":\"https:\/\/schema.org\",\"@graph\":[{\"@type\":\"WebPage\",\"@id\":\"https:\/\/miriam-boehlke.de\/impressum\/\",\"url\":\"https:\/\/miriam-boehlke.de\/impressum\/\",\"name\":\"Impressum -\",\"isPartOf\":{\"@id\":\"https:\/\/miriam-boehlke.de\/#website\"},\"datePublished\":\"2021-10-05T18:00:37+00:00\",\"dateModified\":\"2023-12-19T09:17:19+00:00\",\"description\":\"Impressum Miriam Boehlke | Ganzheitlich-nachhaltige Organisationsentwicklung, Facilitation, Beratung, Coaching, Jurtenbau\",\"breadcrumb\":{\"@id\":\"https:\/\/miriam-boehlke.de\/impressum\/#breadcrumb\"},\"inLanguage\":\"en-US\",\"potentialAction\":[{\"@type\":\"ReadAction\",\"target\":[\"https:\/\/miriam-boehlke.de\/impressum\/\"]}]},{\"@type\":\"BreadcrumbList\",\"@id\":\"https:\/\/miriam-boehlke.de\/impressum\/#breadcrumb\",\"itemListElement\":[{\"@type\":\"ListItem\",\"position\":1,\"name\":\"Startseite\",\"item\":\"https:\/\/miriam-boehlke.de\/\"},{\"@type\":\"ListItem\",\"position\":2,\"name\":\"Impressum\"}]},{\"@type\":\"WebSite\",\"@id\":\"https:\/\/miriam-boehlke.de\/#website\",\"url\":\"https:\/\/miriam-boehlke.de\/\",\"name\":\"\",\"description\":\"Miriam Boehlke | Ganzheitlich-nahhaltige Organisationsentwicklung\",\"publisher\":{\"@id\":\"https:\/\/miriam-boehlke.de\/#organization\"},\"potentialAction\":[{\"@type\":\"SearchAction\",\"target\":{\"@type\":\"EntryPoint\",\"urlTemplate\":\"https:\/\/miriam-boehlke.de\/?s={search_term_string}\"},\"query-input\":\"required name=search_term_string\"}],\"inLanguage\":\"en-US\"},{\"@type\":\"Organization\",\"@id\":\"https:\/\/miriam-boehlke.de\/#organization\",\"name\":\"Miriam Boehlke | ganzheitlich-nachhaltige Organisaionsentwicklung\",\"url\":\"https:\/\/miriam-boehlke.de\/\",\"logo\":{\"@type\":\"ImageObject\",\"inLanguage\":\"en-US\",\"@id\":\"https:\/\/miriam-boehlke.de\/#\/schema\/logo\/image\/\",\"url\":\"https:\/\/miriam-boehlke.de\/wp-content\/uploads\/2021\/11\/Logo-Miriam-Boehlke.jpg\",\"contentUrl\":\"https:\/\/miriam-boehlke.de\/wp-content\/uploads\/2021\/11\/Logo-Miriam-Boehlke.jpg\",\"width\":710,\"height\":720,\"caption\":\"Miriam Boehlke | ganzheitlich-nachhaltige Organisaionsentwicklung\"},\"image\":{\"@id\":\"https:\/\/miriam-boehlke.de\/#\/schema\/logo\/image\/\"}}]}<\/script>\n<!-- \/ Yoast SEO plugin. -->","yoast_head_json":{"title":"Impressum -","description":"Impressum Miriam Boehlke | Ganzheitlich-nachhaltige Organisationsentwicklung, Facilitation, Beratung, Coaching, Jurtenbau","robots":{"index":"index","follow":"follow","max-snippet":"max-snippet:-1","max-image-preview":"max-image-preview:large","max-video-preview":"max-video-preview:-1"},"canonical":"https:\/\/miriam-boehlke.de\/en\/impressum\/","og_locale":"en_US","og_type":"article","og_title":"Impressum -","og_description":"Impressum Miriam Boehlke | Ganzheitlich-nachhaltige Organisationsentwicklung, Facilitation, Beratung, Coaching, Jurtenbau","og_url":"https:\/\/miriam-boehlke.de\/en\/impressum\/","article_modified_time":"2023-12-19T09:17:19+00:00","twitter_card":"summary_large_image","twitter_misc":{"Est. reading time":"1 minute"},"schema":{"@context":"https:\/\/schema.org","@graph":[{"@type":"WebPage","@id":"https:\/\/miriam-boehlke.de\/impressum\/","url":"https:\/\/miriam-boehlke.de\/impressum\/","name":"Impressum -","isPartOf":{"@id":"https:\/\/miriam-boehlke.de\/#website"},"datePublished":"2021-10-05T18:00:37+00:00","dateModified":"2023-12-19T09:17:19+00:00","description":"Impressum Miriam Boehlke | Ganzheitlich-nachhaltige Organisationsentwicklung, Facilitation, Beratung, Coaching, Jurtenbau","breadcrumb":{"@id":"https:\/\/miriam-boehlke.de\/impressum\/#breadcrumb"},"inLanguage":"en-US","potentialAction":[{"@type":"ReadAction","target":["https:\/\/miriam-boehlke.de\/impressum\/"]}]},{"@type":"BreadcrumbList","@id":"https:\/\/miriam-boehlke.de\/impressum\/#breadcrumb","itemListElement":[{"@type":"ListItem","position":1,"name":"Startseite","item":"https:\/\/miriam-boehlke.de\/"},{"@type":"ListItem","position":2,"name":"Impressum"}]},{"@type":"WebSite","@id":"https:\/\/miriam-boehlke.de\/#website","url":"https:\/\/miriam-boehlke.de\/","name":"","description":"Miriam Boehlke | Ganzheitlich-nahhaltige Organisationsentwicklung","publisher":{"@id":"https:\/\/miriam-boehlke.de\/#organization"},"potentialAction":[{"@type":"SearchAction","target":{"@type":"EntryPoint","urlTemplate":"https:\/\/miriam-boehlke.de\/?s={search_term_string}"},"query-input":"required name=search_term_string"}],"inLanguage":"en-US"},{"@type":"Organization","@id":"https:\/\/miriam-boehlke.de\/#organization","name":"Miriam Boehlke | ganzheitlich-nachhaltige Organisaionsentwicklung","url":"https:\/\/miriam-boehlke.de\/","logo":{"@type":"ImageObject","inLanguage":"en-US","@id":"https:\/\/miriam-boehlke.de\/#\/schema\/logo\/image\/","url":"https:\/\/miriam-boehlke.de\/wp-content\/uploads\/2021\/11\/Logo-Miriam-Boehlke.jpg","contentUrl":"https:\/\/miriam-boehlke.de\/wp-content\/uploads\/2021\/11\/Logo-Miriam-Boehlke.jpg","width":710,"height":720,"caption":"Miriam Boehlke | ganzheitlich-nachhaltige Organisaionsentwicklung"},"image":{"@id":"https:\/\/miriam-boehlke.de\/#\/schema\/logo\/image\/"}}]}},"_links":{"self":[{"href":"https:\/\/miriam-boehlke.de\/en\/wp-json\/wp\/v2\/pages\/44","targetHints":{"allow":["GET"]}}],"collection":[{"href":"https:\/\/miriam-boehlke.de\/en\/wp-json\/wp\/v2\/pages"}],"about":[{"href":"https:\/\/miriam-boehlke.de\/en\/wp-json\/wp\/v2\/types\/page"}],"author":[{"embeddable":true,"href":"https:\/\/miriam-boehlke.de\/en\/wp-json\/wp\/v2\/users\/1"}],"replies":[{"embeddable":true,"href":"https:\/\/miriam-boehlke.de\/en\/wp-json\/wp\/v2\/comments?post=44"}],"version-history":[{"count":17,"href":"https:\/\/miriam-boehlke.de\/en\/wp-json\/wp\/v2\/pages\/44\/revisions"}],"predecessor-version":[{"id":3427,"href":"https:\/\/miriam-boehlke.de\/en\/wp-json\/wp\/v2\/pages\/44\/revisions\/3427"}],"wp:attachment":[{"href":"https:\/\/miriam-boehlke.de\/en\/wp-json\/wp\/v2\/media?parent=44"}],"curies":[{"name":"wp","href":"https:\/\/api.w.org\/{rel}","templated":true}]}}